{"id":80121,"date":"2025-09-08T15:56:15","date_gmt":"2025-09-08T20:56:15","guid":{"rendered":"https:\/\/www.pricetravel.com\/es\/ofertas-de-viajes\/?page_id=80121"},"modified":"2025-09-08T15:57:50","modified_gmt":"2025-09-08T20:57:50","slug":"80121-2","status":"publish","type":"page","link":"https:\/\/www.pricetravel.com\/es\/ofertas-de-viajes\/80121-2","title":{"rendered":""},"content":{"rendered":"<div class=\"modal-header px-20\">\n<h2 class=\"mb-0 font-20 font-main\">Formas de pago<\/h2>\n<p><button type=\"button\" class=\"close\" data-dismiss=\"modal\" aria-label=\"Close\"> <i class=\"icons-close font-24 font-subtle\" aria-hidden=\"true\"><\/i> <\/button><\/div>\n<div class=\"modal-body px-20\">\n<section class=\"d-flex mb-24 align-items-center g-8 flex-wrap\">\n<div>\n<div class=\"mb-24 d-flex align-items-center g-8 flex-wrap\"><i class=\"icons-credit-card-outline font-24 font-600 d-flex\"><\/i><\/p>\n<h3 class=\"mb-0 font-18 font-600\">Tarjetas de cr\u00e9dito y d\u00e9bito<\/h3>\n<div class=\"d-flex align-items-center g-8 ml-20\">\n<div class=\"icon-bank icon-mastercard\"><\/div>\n<div class=\"icon-bank icon-visa ml-8\"><\/div>\n<div class=\"icon-bank icon-amex ml-12\"><\/div>\n<\/div>\n<\/div>\n<p class=\"mb-24 font-600\">Promociones con tarjetas de cr\u00e9dito<\/p>\n<div class=\"border rounded-12\"><!-- ngRepeat: entry in vm.responsePayment.monthInterestFree --><\/p>\n<section class=\"py-20 px-24 ng-scope border-bottom\" ng-repeat=\"entry in vm.responsePayment.monthInterestFree\" ng-class=\"{ 'border-bottom': !$last }\">\n<h4 class=\"mb-8 font-16 font-600\"><span class=\"font-blue ng-binding\"> 3, 6, 9, 12 <\/span> y <span class=\"font-blue ng-binding\"> 18 <\/span> meses sin intereses*<\/h4>\n<div class=\"d-flex align-items-center flex-wrap\" style=\"gap:1rem\"><!-- ngRepeat: item in entry[1] --><\/p>\n<div ng-repeat=\"item in entry[1]\" aria-label=\"BBVA\" class=\"icon-bank-brand icon-brand-bbva-card\"><\/div>\n<p><!-- end ngRepeat: item in entry[1] --><\/p>\n<div ng-repeat=\"item in entry[1]\" aria-label=\"NuBank\" class=\"icon-bank-brand icon-brand-nubank-card\"><\/div>\n<p><!-- end ngRepeat: item in entry[1] --><\/p>\n<div ng-repeat=\"item in entry[1]\" aria-label=\"Santander\" class=\"icon-bank-brand icon-brand-santander-card\"><\/div>\n<p><!-- end ngRepeat: item in entry[1] --><\/div>\n<\/section>\n<p><!-- end ngRepeat: entry in vm.responsePayment.monthInterestFree --><\/p>\n<section class=\"py-20 px-24 ng-scope border-bottom\" ng-repeat=\"entry in vm.responsePayment.monthInterestFree\" ng-class=\"{ 'border-bottom': !$last }\">\n<h4 class=\"mb-8 font-16 font-600\"><span class=\"font-blue ng-binding\"> 3, 6, 9 <\/span> y <span class=\"font-blue ng-binding\"> 12 <\/span> meses sin intereses*<\/h4>\n<div class=\"d-flex align-items-center flex-wrap\" style=\"gap:1rem\"><!-- ngRepeat: item in entry[1] --><\/p>\n<div ng-repeat=\"item in entry[1]\" aria-label=\"Banamex\" class=\"icon-bank-brand icon-brand-banamex-card\"><\/div>\n<p><!-- end ngRepeat: item in entry[1] --><\/p>\n<div ng-repeat=\"item in entry[1]\" aria-label=\"Scotiabank Inverlat\" class=\"icon-bank-brand icon-brand-scotia-card\"><\/div>\n<p><!-- end ngRepeat: item in entry[1] --><\/div>\n<\/section>\n<p><!-- end ngRepeat: entry in vm.responsePayment.monthInterestFree --><\/p>\n<section class=\"py-20 px-24 ng-scope border-bottom\" ng-repeat=\"entry in vm.responsePayment.monthInterestFree\" ng-class=\"{ 'border-bottom': !$last }\">\n<h4 class=\"mb-8 font-16 font-600\"><span class=\"font-blue ng-binding\"> 3, 6 <\/span> y <span class=\"font-blue ng-binding\"> 9 <\/span> meses sin intereses*<\/h4>\n<div class=\"d-flex align-items-center flex-wrap\" style=\"gap:1rem\"><!-- ngRepeat: item in entry[1] --><\/p>\n<div ng-repeat=\"item in entry[1]\" aria-label=\"American Express\" class=\"icon-bank-brand icon-brand-amex-card\"><\/div>\n<p><!-- end ngRepeat: item in entry[1] --><\/p>\n<div ng-repeat=\"item in entry[1]\" aria-label=\"BanCoppel\" class=\"icon-bank-brand icon-brand-bancoppel-card\"><\/div>\n<p><!-- end ngRepeat: item in entry[1] --><\/div>\n<\/section>\n<p><!-- end ngRepeat: entry in vm.responsePayment.monthInterestFree --><\/p>\n<section class=\"py-20 px-24 ng-scope\" ng-repeat=\"entry in vm.responsePayment.monthInterestFree\" ng-class=\"{ 'border-bottom': !$last }\">\n<h4 class=\"mb-8 font-16 font-600\"><span class=\"font-blue ng-binding\"> 3 <\/span> y <span class=\"font-blue ng-binding\"> 6 <\/span> meses sin intereses*<\/h4>\n<div class=\"d-flex align-items-center flex-wrap\" style=\"gap:1rem\"><!-- ngRepeat: item in entry[1] --><\/p>\n<div ng-repeat=\"item in entry[1]\" aria-label=\"Afirme\" class=\"icon-bank-brand icon-brand-afirme-card\"><\/div>\n<p><!-- end ngRepeat: item in entry[1] --><\/p>\n<div ng-repeat=\"item in entry[1]\" aria-label=\"Banca Mifel\" class=\"icon-bank-brand icon-brand-mifiel-card\"><\/div>\n<p><!-- end ngRepeat: item in entry[1] --><\/p>\n<div ng-repeat=\"item in entry[1]\" aria-label=\"Banco Azteca\" class=\"icon-bank-brand icon-brand-bancoazteca-card\"><\/div>\n<p><!-- end ngRepeat: item in entry[1] --><\/p>\n<div ng-repeat=\"item in entry[1]\" aria-label=\"Banco del Bajio\" class=\"icon-bank-brand icon-brand-banbajio-card\"><\/div>\n<p><!-- end ngRepeat: item in entry[1] --><\/p>\n<div ng-repeat=\"item in entry[1]\" aria-label=\"Banjercito\" class=\"icon-bank-brand icon-brand-banjercito-card\"><\/div>\n<p><!-- end ngRepeat: item in entry[1] --><\/p>\n<div ng-repeat=\"item in entry[1]\" aria-label=\"Banorte\" class=\"icon-bank-brand icon-brand-banorte-card\"><\/div>\n<p><!-- end ngRepeat: item in entry[1] --><\/p>\n<div ng-repeat=\"item in entry[1]\" aria-label=\"BanRegio\" class=\"icon-bank-brand icon-brand-banregio-card\"><\/div>\n<p><!-- end ngRepeat: item in entry[1] --><\/p>\n<div ng-repeat=\"item in entry[1]\" aria-label=\"Caja Morelia\" class=\"icon-bank-brand icon-brand-cajamorelia-card\"><\/div>\n<p><!-- end ngRepeat: item in entry[1] --><\/p>\n<div ng-repeat=\"item in entry[1]\" aria-label=\"Falabella\" class=\"icon-bank-brand icon-brand-falabella-card\"><\/div>\n<p><!-- end ngRepeat: item in entry[1] --><\/p>\n<div ng-repeat=\"item in entry[1]\" aria-label=\"HeyBanco\" class=\"icon-bank-brand icon-brand-heybanco-card\"><\/div>\n<p><!-- end ngRepeat: item in entry[1] --><\/p>\n<div ng-repeat=\"item in entry[1]\" aria-label=\"HSBC\" class=\"icon-bank-brand icon-brand-hsbc-card\"><\/div>\n<p><!-- end ngRepeat: item in entry[1] --><\/p>\n<div ng-repeat=\"item in entry[1]\" aria-label=\"Inbursa\" class=\"icon-bank-brand icon-brand-inbursa-card\"><\/div>\n<p><!-- end ngRepeat: item in entry[1] --><\/p>\n<div ng-repeat=\"item in entry[1]\" aria-label=\"InvexBanco\" class=\"icon-bank-brand icon-brand-invex-card\"><\/div>\n<p><!-- end ngRepeat: item in entry[1] --><\/p>\n<div ng-repeat=\"item in entry[1]\" aria-label=\"Itaucard\" class=\"icon-bank-brand icon-brand-itaucard-card\"><\/div>\n<p><!-- end ngRepeat: item in entry[1] --><\/p>\n<div ng-repeat=\"item in entry[1]\" aria-label=\"Klar\" class=\"icon-bank-brand icon-brand-klar-card\"><\/div>\n<p><!-- end ngRepeat: item in entry[1] --><\/p>\n<div ng-repeat=\"item in entry[1]\" aria-label=\"Konfio\" class=\"icon-bank-brand icon-brand-konfio-card\"><\/div>\n<p><!-- end ngRepeat: item in entry[1] --><\/p>\n<div ng-repeat=\"item in entry[1]\" aria-label=\"MercadoPago\" class=\"icon-bank-brand icon-brand-mercadopago-card\"><\/div>\n<p><!-- end ngRepeat: item in entry[1] --><\/p>\n<div ng-repeat=\"item in entry[1]\" aria-label=\"Plata\" class=\"icon-bank-brand icon-brand-plata-card\"><\/div>\n<p><!-- end ngRepeat: item in entry[1] --><\/p>\n<div ng-repeat=\"item in entry[1]\" aria-label=\"Premium Card Liverpool\" class=\"icon-bank-brand icon-brand-liverpool-card\"><\/div>\n<p><!-- end ngRepeat: item in entry[1] --><\/p>\n<div ng-repeat=\"item in entry[1]\" aria-label=\"Rappi\" class=\"icon-bank-brand icon-brand-rappi-card\"><\/div>\n<p><!-- end ngRepeat: item in entry[1] --><\/p>\n<div ng-repeat=\"item in entry[1]\" aria-label=\"Stori\" class=\"icon-bank-brand icon-brand-stori-card\"><\/div>\n<p><!-- end ngRepeat: item in entry[1] --><\/p>\n<div ng-repeat=\"item in entry[1]\" aria-label=\"Suburbia\" class=\"icon-bank-brand icon-brand-suburbia-card\"><\/div>\n<p><!-- end ngRepeat: item in entry[1] --><\/p>\n<div ng-repeat=\"item in entry[1]\" aria-label=\"Ual\u00e1\" class=\"icon-bank-brand icon-brand-ual\u00e1-card\"><\/div>\n<p><!-- end ngRepeat: item in entry[1] --><\/div>\n<\/section>\n<p><!-- end ngRepeat: entry in vm.responsePayment.monthInterestFree --><\/p>\n<p class=\"px-24 mb-12 font-14 font-400 font-subtle\">*Las opciones de meses sin intereses y pagos fijos dependen del servicio seleccionado y el valor de la compra. Monto m\u00ednimo de compra MXN$ 1,200 para MSI y pagos fijos.<\/p>\n<\/div>\n<\/div>\n<\/section>\n<section class=\"d-flex mb-24 align-items-center g-8 flex-wrap\">\n<div class=\"w-100\">\n<div class=\"mb-24 d-flex align-items-center g-8 flex-wrap\"><i class=\"icons-credit-card-outline font-24 font-600 d-flex\"><\/i><\/p>\n<h3 class=\"mb-0 font-18 font-600\">Wallets digitales<\/h3>\n<\/div>\n<div class=\"border rounded-12\">\n<section class=\"py-16 px-24 border-bottom\">\n<div class=\"d-flex align-items-center justify-content-between g-base flex-wrap\"><img decoding=\"async\" src=\"\/assets\/img\/logos_banks\/logo-paypal.svg\" alt=\"paypal\" width=\"100\" height=\"35\"> <span class=\"font-16\">*Aplican restricciones al momento de la compra<\/span><\/div>\n<\/section>\n<section class=\"py-20 px-24 border-bottom\">\n<div class=\"d-flex align-items-center justify-content-between flex-wrap g-24\">\n<div class=\"d-flex align-items-center g-12\">\n<div class=\"d-flex justify-content-center align-items-center\" style=\"width:43px;height:43px\"><img decoding=\"async\" src=\"\/assets\/img\/logos_banks\/hotel.svg\" alt=\"hotel\" width=\"43\" height=\"43\"><\/div>\n<div class=\"d-flex flex-column\"><span class=\"font-14 font-600 text-dark\">Vuelos<\/span> <span class=\"font-16 font-600 text-dark\"> Hasta <span class=\"font-blue\">6<\/span> meses sin intereses <\/span><\/div>\n<\/div>\n<div class=\"d-flex align-items-center g-12\">\n<div class=\"d-flex justify-content-center align-items-center\" style=\"width:43px;height:43px\"><img decoding=\"async\" src=\"\/assets\/img\/logos_banks\/flight.svg\" alt=\"flight\" width=\"43\" height=\"43\"><\/div>\n<div class=\"d-flex flex-column\"><span class=\"font-14 font-600 text-dark\">Hoteles y Paquetes<\/span> <span class=\"font-16 font-600 text-dark\"> Hasta <span class=\"font-blue\">4<\/span> meses sin intereses <\/span><\/div>\n<\/div>\n<\/div>\n<\/section>\n<section class=\"pt-12 px-24\">\n<div class=\"d-flex align-items-center justify-content-between flex-wrap g-24 pb-12\"><img loading=\"lazy\" decoding=\"async\" src=\"\/assets\/img\/logos_banks\/logo-applepay.svg\" alt=\"apple pay\" width=\"76\" height=\"35\"><\/div>\n<\/section>\n<\/div>\n<\/div>\n<\/section>\n<section class=\"d-flex align-items-center g-8 flex-wrap\">\n<div class=\"w-100\">\n<div class=\"mb-16 d-flex align-items-center g-8 flex-wrap\"><i class=\"icons-credit-card-outline font-24 font-600 d-flex\"><\/i><\/p>\n<h3 class=\"mb-0 font-18 font-600\">Dep\u00f3sito o Transferencia bancaria<\/h3>\n<\/div>\n<p>Cuando termines tu compra, te daremos las instrucciones para realizar el pago en el banco de tu preferencia.<\/p>\n<div ng-hide=\"vm.responsePayment.loading\" class=\"\">\n<div ng-show=\"vm.responsePayment.depositBanks &amp;&amp; vm.responsePayment.depositBanks.length &gt; 0\" class=\"\">\n<div class=\"d-flex align-items-center g-20 flex-wrap\"><!-- ngRepeat: bank in vm.responsePayment.depositBanks --><\/p>\n<div ng-repeat=\"bank in vm.responsePayment.depositBanks\" class=\"icon-bank-brand icon-brand-bbva-card\" aria-label=\"&lt;strong&gt;BBVA&lt;\/strong&gt;&lt;br&gt;Cuenta corriente:&lt;strong&gt; 825-437-76-690 &lt;\/strong&gt;\" title=\"&lt;strong&gt;BBVA&lt;\/strong&gt;&lt;br&gt;Cuenta corriente:&lt;strong&gt; 825-437-76-690 &lt;\/strong&gt;\"><\/div>\n<p><!-- end ngRepeat: bank in vm.responsePayment.depositBanks --><\/p>\n<div ng-repeat=\"bank in vm.responsePayment.depositBanks\" class=\"icon-bank-brand icon-brand-banorte-card\" aria-label=\"&lt;strong&gt;Banorte&lt;\/strong&gt;&lt;br&gt;Cuenta corriente:&lt;strong&gt;146-445-564&lt;\/strong&gt;\" title=\"&lt;strong&gt;Banorte&lt;\/strong&gt;&lt;br&gt;Cuenta corriente:&lt;strong&gt;146-445-564&lt;\/strong&gt;\"><\/div>\n<p><!-- end ngRepeat: bank in vm.responsePayment.depositBanks --><\/p>\n<div ng-repeat=\"bank in vm.responsePayment.depositBanks\" class=\"icon-bank-brand icon-brand-santander-card\" aria-label=\"&lt;strong&gt;Santander&lt;\/strong&gt;&lt;br&gt;Cuenta corriente:&lt;strong&gt;379-469-999-500&lt;\/strong&gt;\" title=\"&lt;strong&gt;Santander&lt;\/strong&gt;&lt;br&gt;Cuenta corriente:&lt;strong&gt;379-469-999-500&lt;\/strong&gt;\"><\/div>\n<p><!-- end ngRepeat: bank in vm.responsePayment.depositBanks --><\/div>\n<\/div>\n<\/div>\n<\/div>\n<\/section>\n<section class=\"d-flex align-items-center g-8 flex-wrap mt-32\">\n<div class=\"w-100\">\n<div class=\"mb-16 d-flex align-items-center g-8 flex-wrap\"><i class=\"icons-store font-24 font-600 d-flex\"><\/i><\/p>\n<h3 class=\"mb-0 font-18 font-600\">Pago en punto de venta PriceTravel<\/h3>\n<\/div>\n<p>Si lo prefieres puedes pagar directamente en cualquiera de nuestros <a href=\"\/es\/puntos-de-venta\" target=\"_blank\" rel=\"noopenner noreferrer\" class=\"link text-lowercase\">puntos de venta f\u00edsicos<\/a>.<\/p>\n<\/div>\n<\/section>\n<\/div>\n","protected":false},"excerpt":{"rendered":"<p>Formas de pago Tarjetas de cr\u00e9dito y d\u00e9bito Promociones con tarjetas de cr\u00e9dito 3, 6, 9, 12 y 18 meses sin intereses* 3, 6, 9 y 12 meses sin intereses* 3, 6 y 9 meses sin intereses* 3 y 6 meses sin intereses* *Las opciones de meses sin intereses y pagos fijos dependen del servicio [&hellip;]<\/p>\n","protected":false},"author":1,"featured_media":0,"parent":0,"menu_order":0,"comment_status":"closed","ping_status":"closed","template":"elementor_theme","meta":{"footnotes":""},"class_list":["post-80121","page","type-page","status-publish","hentry"],"acf":[],"yoast_head":"<!-- This site is optimized with the Yoast SEO plugin v26.3 - https:\/\/yoast.com\/wordpress\/plugins\/seo\/ -->\n<title>- PriceTravel<\/title>\n<meta name=\"robots\" content=\"index, follow, max-snippet:-1, max-image-preview:large, max-video-preview:-1\" \/>\n<link rel=\"canonical\" href=\"https:\/\/www.pricetravel.com\/es\/ofertas-de-viajes\/80121-2\" \/>\n<meta property=\"og:locale\" content=\"en_US\" \/>\n<meta property=\"og:type\" content=\"article\" \/>\n<meta property=\"og:title\" content=\"- PriceTravel\" \/>\n<meta property=\"og:description\" content=\"Formas de pago Tarjetas de cr\u00e9dito y d\u00e9bito Promociones con tarjetas de cr\u00e9dito 3, 6, 9, 12 y 18 meses sin intereses* 3, 6, 9 y 12 meses sin intereses* 3, 6 y 9 meses sin intereses* 3 y 6 meses sin intereses* *Las opciones de meses sin intereses y pagos fijos dependen del servicio [&hellip;]\" \/>\n<meta property=\"og:url\" content=\"https:\/\/www.pricetravel.com\/es\/ofertas-de-viajes\/80121-2\" \/>\n<meta property=\"og:site_name\" content=\"PriceTravel\" \/>\n<meta property=\"article:publisher\" content=\"https:\/\/www.facebook.com\/PriceTravel\" \/>\n<meta property=\"article:modified_time\" content=\"2025-09-08T20:57:50+00:00\" \/>\n<meta name=\"twitter:card\" content=\"summary_large_image\" \/>\n<meta name=\"twitter:site\" content=\"@PriceTravel\" \/>\n<meta name=\"twitter:label1\" content=\"Est. reading time\" \/>\n\t<meta name=\"twitter:data1\" content=\"2 minutes\" \/>\n<script type=\"application\/ld+json\" class=\"yoast-schema-graph\">{\"@context\":\"https:\/\/schema.org\",\"@graph\":[{\"@type\":\"WebPage\",\"@id\":\"https:\/\/www.pricetravel.com\/es\/ofertas-de-viajes\/80121-2\",\"url\":\"https:\/\/www.pricetravel.com\/es\/ofertas-de-viajes\/80121-2\",\"name\":\"- PriceTravel\",\"isPartOf\":{\"@id\":\"https:\/\/www.pricetravel.com\/es\/ofertas-de-viajes\/#website\"},\"datePublished\":\"2025-09-08T20:56:15+00:00\",\"dateModified\":\"2025-09-08T20:57:50+00:00\",\"inLanguage\":\"en-US\",\"potentialAction\":[{\"@type\":\"ReadAction\",\"target\":[\"https:\/\/www.pricetravel.com\/es\/ofertas-de-viajes\/80121-2\"]}]},{\"@type\":\"WebSite\",\"@id\":\"https:\/\/www.pricetravel.com\/es\/ofertas-de-viajes\/#website\",\"url\":\"https:\/\/www.pricetravel.com\/es\/ofertas-de-viajes\/\",\"name\":\"PriceTravel\",\"description\":\"M\u00e9xico, por ti viajar\u00e9\",\"publisher\":{\"@id\":\"https:\/\/www.pricetravel.com\/es\/ofertas-de-viajes\/#organization\"},\"potentialAction\":[{\"@type\":\"SearchAction\",\"target\":{\"@type\":\"EntryPoint\",\"urlTemplate\":\"https:\/\/www.pricetravel.com\/es\/ofertas-de-viajes\/?s={search_term_string}\"},\"query-input\":{\"@type\":\"PropertyValueSpecification\",\"valueRequired\":true,\"valueName\":\"search_term_string\"}}],\"inLanguage\":\"en-US\"},{\"@type\":\"Organization\",\"@id\":\"https:\/\/www.pricetravel.com\/es\/ofertas-de-viajes\/#organization\",\"name\":\"PriceTravel.com\",\"url\":\"https:\/\/www.pricetravel.com\/es\/ofertas-de-viajes\/\",\"logo\":{\"@type\":\"ImageObject\",\"inLanguage\":\"en-US\",\"@id\":\"https:\/\/www.pricetravel.com\/es\/ofertas-de-viajes\/#\/schema\/logo\/image\/\",\"url\":\"https:\/\/www.pricetravel.com\/es\/ofertas-de-viajes\/wp-content\/uploads\/2022\/08\/pricetravel.png\",\"contentUrl\":\"https:\/\/www.pricetravel.com\/es\/ofertas-de-viajes\/wp-content\/uploads\/2022\/08\/pricetravel.png\",\"width\":422,\"height\":56,\"caption\":\"PriceTravel.com\"},\"image\":{\"@id\":\"https:\/\/www.pricetravel.com\/es\/ofertas-de-viajes\/#\/schema\/logo\/image\/\"},\"sameAs\":[\"https:\/\/www.facebook.com\/PriceTravel\",\"https:\/\/x.com\/PriceTravel\",\"https:\/\/www.instagram.com\/pricetravel\/\"]}]}<\/script>\n<!-- \/ Yoast SEO plugin. -->","yoast_head_json":{"title":"- PriceTravel","robots":{"index":"index","follow":"follow","max-snippet":"max-snippet:-1","max-image-preview":"max-image-preview:large","max-video-preview":"max-video-preview:-1"},"canonical":"https:\/\/www.pricetravel.com\/es\/ofertas-de-viajes\/80121-2","og_locale":"en_US","og_type":"article","og_title":"- PriceTravel","og_description":"Formas de pago Tarjetas de cr\u00e9dito y d\u00e9bito Promociones con tarjetas de cr\u00e9dito 3, 6, 9, 12 y 18 meses sin intereses* 3, 6, 9 y 12 meses sin intereses* 3, 6 y 9 meses sin intereses* 3 y 6 meses sin intereses* *Las opciones de meses sin intereses y pagos fijos dependen del servicio [&hellip;]","og_url":"https:\/\/www.pricetravel.com\/es\/ofertas-de-viajes\/80121-2","og_site_name":"PriceTravel","article_publisher":"https:\/\/www.facebook.com\/PriceTravel","article_modified_time":"2025-09-08T20:57:50+00:00","twitter_card":"summary_large_image","twitter_site":"@PriceTravel","twitter_misc":{"Est. reading time":"2 minutes"},"schema":{"@context":"https:\/\/schema.org","@graph":[{"@type":"WebPage","@id":"https:\/\/www.pricetravel.com\/es\/ofertas-de-viajes\/80121-2","url":"https:\/\/www.pricetravel.com\/es\/ofertas-de-viajes\/80121-2","name":"- PriceTravel","isPartOf":{"@id":"https:\/\/www.pricetravel.com\/es\/ofertas-de-viajes\/#website"},"datePublished":"2025-09-08T20:56:15+00:00","dateModified":"2025-09-08T20:57:50+00:00","inLanguage":"en-US","potentialAction":[{"@type":"ReadAction","target":["https:\/\/www.pricetravel.com\/es\/ofertas-de-viajes\/80121-2"]}]},{"@type":"WebSite","@id":"https:\/\/www.pricetravel.com\/es\/ofertas-de-viajes\/#website","url":"https:\/\/www.pricetravel.com\/es\/ofertas-de-viajes\/","name":"PriceTravel","description":"M\u00e9xico, por ti viajar\u00e9","publisher":{"@id":"https:\/\/www.pricetravel.com\/es\/ofertas-de-viajes\/#organization"},"potentialAction":[{"@type":"SearchAction","target":{"@type":"EntryPoint","urlTemplate":"https:\/\/www.pricetravel.com\/es\/ofertas-de-viajes\/?s={search_term_string}"},"query-input":{"@type":"PropertyValueSpecification","valueRequired":true,"valueName":"search_term_string"}}],"inLanguage":"en-US"},{"@type":"Organization","@id":"https:\/\/www.pricetravel.com\/es\/ofertas-de-viajes\/#organization","name":"PriceTravel.com","url":"https:\/\/www.pricetravel.com\/es\/ofertas-de-viajes\/","logo":{"@type":"ImageObject","inLanguage":"en-US","@id":"https:\/\/www.pricetravel.com\/es\/ofertas-de-viajes\/#\/schema\/logo\/image\/","url":"https:\/\/www.pricetravel.com\/es\/ofertas-de-viajes\/wp-content\/uploads\/2022\/08\/pricetravel.png","contentUrl":"https:\/\/www.pricetravel.com\/es\/ofertas-de-viajes\/wp-content\/uploads\/2022\/08\/pricetravel.png","width":422,"height":56,"caption":"PriceTravel.com"},"image":{"@id":"https:\/\/www.pricetravel.com\/es\/ofertas-de-viajes\/#\/schema\/logo\/image\/"},"sameAs":["https:\/\/www.facebook.com\/PriceTravel","https:\/\/x.com\/PriceTravel","https:\/\/www.instagram.com\/pricetravel\/"]}]}},"publishpress_future_action":{"enabled":false,"date":"2026-04-11 23:19:14","action":"change-status","newStatus":"draft","terms":[],"taxonomy":"","extraData":[]},"publishpress_future_workflow_manual_trigger":{"enabledWorkflows":[]},"_links":{"self":[{"href":"https:\/\/www.pricetravel.com\/es\/ofertas-de-viajes\/wp-json\/wp\/v2\/pages\/80121","targetHints":{"allow":["GET"]}}],"collection":[{"href":"https:\/\/www.pricetravel.com\/es\/ofertas-de-viajes\/wp-json\/wp\/v2\/pages"}],"about":[{"href":"https:\/\/www.pricetravel.com\/es\/ofertas-de-viajes\/wp-json\/wp\/v2\/types\/page"}],"author":[{"embeddable":true,"href":"https:\/\/www.pricetravel.com\/es\/ofertas-de-viajes\/wp-json\/wp\/v2\/users\/1"}],"replies":[{"embeddable":true,"href":"https:\/\/www.pricetravel.com\/es\/ofertas-de-viajes\/wp-json\/wp\/v2\/comments?post=80121"}],"version-history":[{"count":2,"href":"https:\/\/www.pricetravel.com\/es\/ofertas-de-viajes\/wp-json\/wp\/v2\/pages\/80121\/revisions"}],"predecessor-version":[{"id":80123,"href":"https:\/\/www.pricetravel.com\/es\/ofertas-de-viajes\/wp-json\/wp\/v2\/pages\/80121\/revisions\/80123"}],"wp:attachment":[{"href":"https:\/\/www.pricetravel.com\/es\/ofertas-de-viajes\/wp-json\/wp\/v2\/media?parent=80121"}],"curies":[{"name":"wp","href":"https:\/\/api.w.org\/{rel}","templated":true}]}}