{"id":24999,"date":"2023-11-07T09:00:26","date_gmt":"2023-11-07T14:00:26","guid":{"rendered":"https:\/\/www.pricetravel.com\/es\/ofertas-de-viajes\/?page_id=24999"},"modified":"2024-10-14T06:58:39","modified_gmt":"2024-10-14T11:58:39","slug":"app-pricetravel","status":"publish","type":"page","link":"https:\/\/www.pricetravel.com\/es\/ofertas-de-viajes\/app-pricetravel","title":{"rendered":"App"},"content":{"rendered":"\t\t<div data-elementor-type=\"wp-page\" data-elementor-id=\"24999\" class=\"elementor elementor-24999\" data-elementor-post-type=\"page\">\n\t\t\t\t\t\t<section class=\"elementor-section elementor-top-section elementor-element elementor-element-8bab153 elementor-section-boxed elementor-section-height-default elementor-section-height-default\" data-id=\"8bab153\" data-element_type=\"section\">\n\t\t\t\t\t\t<div class=\"elementor-container elementor-column-gap-default\">\n\t\t\t\t\t<div class=\"elementor-column elementor-col-100 elementor-top-column elementor-element elementor-element-0312a48\" data-id=\"0312a48\" data-element_type=\"column\">\n\t\t\t<div class=\"elementor-widget-wrap elementor-element-populated\">\n\t\t\t\t\t\t<div class=\"elementor-element elementor-element-66a9a23 elementor-widget elementor-widget-image\" data-id=\"66a9a23\" data-element_type=\"widget\" data-widget_type=\"image.default\">\n\t\t\t\t<div class=\"elementor-widget-container\">\n\t\t\t\t\t\t\t\t\t\t\t\t<figure class=\"wp-caption\">\n\t\t\t\t\t\t\t\t\t\t<img fetchpriority=\"high\" decoding=\"async\" width=\"800\" height=\"146\" src=\"https:\/\/www.pricetravel.com\/es\/ofertas-de-viajes\/wp-content\/uploads\/2023\/11\/LP_1920X350_3-1024x187.jpg\" class=\"attachment-large size-large wp-image-25091\" alt=\"\" srcset=\"https:\/\/www.pricetravel.com\/es\/ofertas-de-viajes\/wp-content\/uploads\/2023\/11\/LP_1920X350_3-1024x187.jpg 1024w, https:\/\/www.pricetravel.com\/es\/ofertas-de-viajes\/wp-content\/uploads\/2023\/11\/LP_1920X350_3-300x55.jpg 300w, https:\/\/www.pricetravel.com\/es\/ofertas-de-viajes\/wp-content\/uploads\/2023\/11\/LP_1920X350_3-768x140.jpg 768w, https:\/\/www.pricetravel.com\/es\/ofertas-de-viajes\/wp-content\/uploads\/2023\/11\/LP_1920X350_3-1536x280.jpg 1536w, https:\/\/www.pricetravel.com\/es\/ofertas-de-viajes\/wp-content\/uploads\/2023\/11\/LP_1920X350_3.jpg 1920w\" sizes=\"(max-width: 800px) 100vw, 800px\" \/>\t\t\t\t\t\t\t\t\t\t\t<figcaption class=\"widget-image-caption wp-caption-text\"><\/figcaption>\n\t\t\t\t\t\t\t\t\t\t<\/figure>\n\t\t\t\t\t\t\t\t\t<\/div>\n\t\t\t\t<\/div>\n\t\t\t\t\t<\/div>\n\t\t<\/div>\n\t\t\t\t\t<\/div>\n\t\t<\/section>\n\t\t\t\t<section class=\"elementor-section elementor-top-section elementor-element elementor-element-61b7d1c elementor-section-boxed elementor-section-height-default elementor-section-height-default\" data-id=\"61b7d1c\" data-element_type=\"section\">\n\t\t\t\t\t\t<div class=\"elementor-container elementor-column-gap-default\">\n\t\t\t\t\t<div class=\"elementor-column elementor-col-100 elementor-top-column elementor-element elementor-element-b33baac\" data-id=\"b33baac\" data-element_type=\"column\">\n\t\t\t<div class=\"elementor-widget-wrap elementor-element-populated\">\n\t\t\t\t\t\t<div class=\"elementor-element elementor-element-fd9a5e0 elementor-widget elementor-widget-heading\" data-id=\"fd9a5e0\" data-element_type=\"widget\" data-widget_type=\"heading.default\">\n\t\t\t\t<div class=\"elementor-widget-container\">\n\t\t\t\t\t<h3 class=\"elementor-heading-title elementor-size-default\">PriceTravel es a\u00fan mejor en la aplicaci\u00f3n<\/h3>\t\t\t\t<\/div>\n\t\t\t\t<\/div>\n\t\t\t\t\t<\/div>\n\t\t<\/div>\n\t\t\t\t\t<\/div>\n\t\t<\/section>\n\t\t\t\t<section class=\"elementor-section elementor-top-section elementor-element elementor-element-da56cb0 elementor-section-boxed elementor-section-height-default elementor-section-height-default\" data-id=\"da56cb0\" data-element_type=\"section\">\n\t\t\t\t\t\t<div class=\"elementor-container elementor-column-gap-default\">\n\t\t\t\t\t<div class=\"elementor-column elementor-col-100 elementor-top-column elementor-element elementor-element-e9ac869\" data-id=\"e9ac869\" data-element_type=\"column\">\n\t\t\t<div class=\"elementor-widget-wrap elementor-element-populated\">\n\t\t\t\t\t\t<div class=\"elementor-element elementor-element-e62c592 elementor-widget elementor-widget-text-editor\" data-id=\"e62c592\" data-element_type=\"widget\" data-widget_type=\"text-editor.default\">\n\t\t\t\t<div class=\"elementor-widget-container\">\n\t\t\t\t\t\t\t\t\t<p>Descarga nuestra app y obt\u00e9n mejores tarifas. Reg\u00edstrate ahora y disfruta de beneficios exclusivos. \u00a1Desc\u00e1rgala ya!<\/p>\t\t\t\t\t\t\t\t<\/div>\n\t\t\t\t<\/div>\n\t\t\t\t\t<\/div>\n\t\t<\/div>\n\t\t\t\t\t<\/div>\n\t\t<\/section>\n\t\t\t\t<section class=\"elementor-section elementor-top-section elementor-element elementor-element-3a2c25a elementor-section-boxed elementor-section-height-default elementor-section-height-default\" data-id=\"3a2c25a\" data-element_type=\"section\">\n\t\t\t\t\t\t<div class=\"elementor-container elementor-column-gap-default\">\n\t\t\t\t\t<div class=\"elementor-column elementor-col-50 elementor-top-column elementor-element elementor-element-157509a\" data-id=\"157509a\" data-element_type=\"column\">\n\t\t\t<div class=\"elementor-widget-wrap elementor-element-populated\">\n\t\t\t\t\t\t<div class=\"elementor-element elementor-element-f31edca elementor-widget elementor-widget-image\" data-id=\"f31edca\" data-element_type=\"widget\" data-widget_type=\"image.default\">\n\t\t\t\t<div class=\"elementor-widget-container\">\n\t\t\t\t\t\t\t\t\t\t\t\t\t\t\t<img decoding=\"async\" width=\"150\" height=\"150\" src=\"https:\/\/www.pricetravel.com\/es\/ofertas-de-viajes\/wp-content\/uploads\/2023\/11\/app-codigo-150x150.png\" class=\"attachment-thumbnail size-thumbnail wp-image-25067\" alt=\"\" srcset=\"https:\/\/www.pricetravel.com\/es\/ofertas-de-viajes\/wp-content\/uploads\/2023\/11\/app-codigo-150x150.png 150w, https:\/\/www.pricetravel.com\/es\/ofertas-de-viajes\/wp-content\/uploads\/2023\/11\/app-codigo-300x300.png 300w, https:\/\/www.pricetravel.com\/es\/ofertas-de-viajes\/wp-content\/uploads\/2023\/11\/app-codigo.png 720w\" sizes=\"(max-width: 150px) 100vw, 150px\" \/>\t\t\t\t\t\t\t\t\t\t\t\t\t\t\t<\/div>\n\t\t\t\t<\/div>\n\t\t\t\t\t<\/div>\n\t\t<\/div>\n\t\t\t\t<div class=\"elementor-column elementor-col-50 elementor-top-column elementor-element elementor-element-859d05d\" data-id=\"859d05d\" data-element_type=\"column\">\n\t\t\t<div class=\"elementor-widget-wrap elementor-element-populated\">\n\t\t\t\t\t\t<div class=\"elementor-element elementor-element-ccf3f46 elementor-widget__width-initial elementor-widget-mobile__width-initial elementor-widget elementor-widget-heading\" data-id=\"ccf3f46\" data-element_type=\"widget\" data-widget_type=\"heading.default\">\n\t\t\t\t<div class=\"elementor-widget-container\">\n\t\t\t\t\t<h4 class=\"elementor-heading-title elementor-size-default\">Escanea el c\u00f3digo QR y descarga nuestra aplicaci\u00f3n<\/h4>\t\t\t\t<\/div>\n\t\t\t\t<\/div>\n\t\t\t\t<div class=\"elementor-element elementor-element-ba1193e elementor-widget__width-initial elementor-widget-divider--view-line elementor-widget elementor-widget-divider\" data-id=\"ba1193e\" data-element_type=\"widget\" data-widget_type=\"divider.default\">\n\t\t\t\t<div class=\"elementor-widget-container\">\n\t\t\t\t\t\t\t<div class=\"elementor-divider\">\n\t\t\t<span class=\"elementor-divider-separator\">\n\t\t\t\t\t\t<\/span>\n\t\t<\/div>\n\t\t\t\t\t\t<\/div>\n\t\t\t\t<\/div>\n\t\t\t\t<div class=\"elementor-element elementor-element-c59af76 elementor-widget__width-initial elementor-widget elementor-widget-text-editor\" data-id=\"c59af76\" data-element_type=\"widget\" data-widget_type=\"text-editor.default\">\n\t\t\t\t<div class=\"elementor-widget-container\">\n\t\t\t\t\t\t\t\t\t<p>\u00a1Est\u00e1s a solo un paso! Escanea el c\u00f3digo ahora, descarga la app y comienza a ahorrar con beneficios \u00fanicos y miles de descuentos exclusivos.<\/p>\t\t\t\t\t\t\t\t<\/div>\n\t\t\t\t<\/div>\n\t\t\t\t\t<\/div>\n\t\t<\/div>\n\t\t\t\t\t<\/div>\n\t\t<\/section>\n\t\t\t\t<section class=\"elementor-section elementor-top-section elementor-element elementor-element-6722a1f elementor-section-boxed elementor-section-height-default elementor-section-height-default\" data-id=\"6722a1f\" data-element_type=\"section\">\n\t\t\t\t\t\t<div class=\"elementor-container elementor-column-gap-default\">\n\t\t\t\t\t<div class=\"elementor-column elementor-col-100 elementor-top-column elementor-element elementor-element-19a1344\" data-id=\"19a1344\" data-element_type=\"column\">\n\t\t\t<div class=\"elementor-widget-wrap elementor-element-populated\">\n\t\t\t\t\t\t<div class=\"elementor-element elementor-element-75d102b elementor-widget elementor-widget-heading\" data-id=\"75d102b\" data-element_type=\"widget\" data-widget_type=\"heading.default\">\n\t\t\t\t<div class=\"elementor-widget-container\">\n\t\t\t\t\t<h5 class=\"elementor-heading-title elementor-size-default\">Gestiona tu viaje en un solo lugar<\/h5>\t\t\t\t<\/div>\n\t\t\t\t<\/div>\n\t\t\t\t\t<\/div>\n\t\t<\/div>\n\t\t\t\t\t<\/div>\n\t\t<\/section>\n\t\t\t\t<section class=\"elementor-section elementor-top-section elementor-element elementor-element-f2f4044 elementor-section-boxed elementor-section-height-default elementor-section-height-default\" data-id=\"f2f4044\" data-element_type=\"section\">\n\t\t\t\t\t\t<div class=\"elementor-container elementor-column-gap-default\">\n\t\t\t\t\t<div class=\"elementor-column elementor-col-25 elementor-top-column elementor-element elementor-element-3dc3147\" data-id=\"3dc3147\" data-element_type=\"column\">\n\t\t\t<div class=\"elementor-widget-wrap elementor-element-populated\">\n\t\t\t\t\t\t<div class=\"elementor-element elementor-element-1901f53 elementor-widget__width-initial elementor-view-default elementor-position-top elementor-mobile-position-top elementor-widget elementor-widget-icon-box\" data-id=\"1901f53\" data-element_type=\"widget\" data-widget_type=\"icon-box.default\">\n\t\t\t\t<div class=\"elementor-widget-container\">\n\t\t\t\t\t\t\t<div class=\"elementor-icon-box-wrapper\">\n\n\t\t\t\t\t\t<div class=\"elementor-icon-box-icon\">\n\t\t\t\t<span  class=\"elementor-icon\">\n\t\t\t\t<i aria-hidden=\"true\" class=\"fas fa-hotel\"><\/i>\t\t\t\t<\/span>\n\t\t\t<\/div>\n\t\t\t\n\t\t\t\t\t\t<div class=\"elementor-icon-box-content\">\n\n\t\t\t\t\t\t\t\t\t<h5 class=\"elementor-icon-box-title\">\n\t\t\t\t\t\t<span  >\n\t\t\t\t\t\t\tAhorra mucho m\u00e1s\t\t\t\t\t\t<\/span>\n\t\t\t\t\t<\/h5>\n\t\t\t\t\n\t\t\t\t\t\t\t\t\t<p class=\"elementor-icon-box-description\">\n\t\t\t\t\t\tObt\u00e9n mejores tarifas en hoteles seleccionados\t\t\t\t\t<\/p>\n\t\t\t\t\n\t\t\t<\/div>\n\t\t\t\n\t\t<\/div>\n\t\t\t\t\t\t<\/div>\n\t\t\t\t<\/div>\n\t\t\t\t\t<\/div>\n\t\t<\/div>\n\t\t\t\t<div class=\"elementor-column elementor-col-25 elementor-top-column elementor-element elementor-element-96f987b\" data-id=\"96f987b\" data-element_type=\"column\">\n\t\t\t<div class=\"elementor-widget-wrap elementor-element-populated\">\n\t\t\t\t\t\t<div class=\"elementor-element elementor-element-9d55baa elementor-widget__width-initial elementor-view-default elementor-position-top elementor-mobile-position-top elementor-widget elementor-widget-icon-box\" data-id=\"9d55baa\" data-element_type=\"widget\" data-widget_type=\"icon-box.default\">\n\t\t\t\t<div class=\"elementor-widget-container\">\n\t\t\t\t\t\t\t<div class=\"elementor-icon-box-wrapper\">\n\n\t\t\t\t\t\t<div class=\"elementor-icon-box-icon\">\n\t\t\t\t<span  class=\"elementor-icon\">\n\t\t\t\t<i aria-hidden=\"true\" class=\"icon icon-suitcase\"><\/i>\t\t\t\t<\/span>\n\t\t\t<\/div>\n\t\t\t\n\t\t\t\t\t\t<div class=\"elementor-icon-box-content\">\n\n\t\t\t\t\t\t\t\t\t<h5 class=\"elementor-icon-box-title\">\n\t\t\t\t\t\t<span  >\n\t\t\t\t\t\t\tReserva en paquete\t\t\t\t\t\t<\/span>\n\t\t\t\t\t<\/h5>\n\t\t\t\t\n\t\t\t\t\t\t\t\t\t<p class=\"elementor-icon-box-description\">\n\t\t\t\t\t\t \u00a1Ahorra hasta 30% m\u00e1s!\t\t\t\t\t<\/p>\n\t\t\t\t\n\t\t\t<\/div>\n\t\t\t\n\t\t<\/div>\n\t\t\t\t\t\t<\/div>\n\t\t\t\t<\/div>\n\t\t\t\t\t<\/div>\n\t\t<\/div>\n\t\t\t\t<div class=\"elementor-column elementor-col-25 elementor-top-column elementor-element elementor-element-e2ea096\" data-id=\"e2ea096\" data-element_type=\"column\">\n\t\t\t<div class=\"elementor-widget-wrap elementor-element-populated\">\n\t\t\t\t\t\t<div class=\"elementor-element elementor-element-fbdc078 elementor-widget__width-initial elementor-view-default elementor-position-top elementor-mobile-position-top elementor-widget elementor-widget-icon-box\" data-id=\"fbdc078\" data-element_type=\"widget\" data-widget_type=\"icon-box.default\">\n\t\t\t\t<div class=\"elementor-widget-container\">\n\t\t\t\t\t\t\t<div class=\"elementor-icon-box-wrapper\">\n\n\t\t\t\t\t\t<div class=\"elementor-icon-box-icon\">\n\t\t\t\t<span  class=\"elementor-icon\">\n\t\t\t\t<i aria-hidden=\"true\" class=\"icon icon-label\"><\/i>\t\t\t\t<\/span>\n\t\t\t<\/div>\n\t\t\t\n\t\t\t\t\t\t<div class=\"elementor-icon-box-content\">\n\n\t\t\t\t\t\t\t\t\t<h5 class=\"elementor-icon-box-title\">\n\t\t\t\t\t\t<span  >\n\t\t\t\t\t\t\tReserva ahora y paga despu\u00e9s\t\t\t\t\t\t<\/span>\n\t\t\t\t\t<\/h5>\n\t\t\t\t\n\t\t\t\t\t\t\t\t\t<p class=\"elementor-icon-box-description\">\n\t\t\t\t\t\t\u00a1Aparta tu oferta con $0 pesos ahora!\t\t\t\t\t<\/p>\n\t\t\t\t\n\t\t\t<\/div>\n\t\t\t\n\t\t<\/div>\n\t\t\t\t\t\t<\/div>\n\t\t\t\t<\/div>\n\t\t\t\t\t<\/div>\n\t\t<\/div>\n\t\t\t\t<div class=\"elementor-column elementor-col-25 elementor-top-column elementor-element elementor-element-c1b61c9\" data-id=\"c1b61c9\" data-element_type=\"column\">\n\t\t\t<div class=\"elementor-widget-wrap elementor-element-populated\">\n\t\t\t\t\t\t<div class=\"elementor-element elementor-element-25f74f1 elementor-widget__width-initial elementor-view-default elementor-position-top elementor-mobile-position-top elementor-widget elementor-widget-icon-box\" data-id=\"25f74f1\" data-element_type=\"widget\" data-widget_type=\"icon-box.default\">\n\t\t\t\t<div class=\"elementor-widget-container\">\n\t\t\t\t\t\t\t<div class=\"elementor-icon-box-wrapper\">\n\n\t\t\t\t\t\t<div class=\"elementor-icon-box-icon\">\n\t\t\t\t<span  class=\"elementor-icon\">\n\t\t\t\t<i aria-hidden=\"true\" class=\"icon icon-bell\"><\/i>\t\t\t\t<\/span>\n\t\t\t<\/div>\n\t\t\t\n\t\t\t\t\t\t<div class=\"elementor-icon-box-content\">\n\n\t\t\t\t\t\t\t\t\t<h5 class=\"elementor-icon-box-title\">\n\t\t\t\t\t\t<span  >\n\t\t\t\t\t\t\tExpertos a tu servicio\t\t\t\t\t\t<\/span>\n\t\t\t\t\t<\/h5>\n\t\t\t\t\n\t\t\t\t\t\t\t\t\t<p class=\"elementor-icon-box-description\">\n\t\t\t\t\t\tAtenci\u00f3n 24\/7 los 365 d\u00edas del a\u00f1o\t\t\t\t\t<\/p>\n\t\t\t\t\n\t\t\t<\/div>\n\t\t\t\n\t\t<\/div>\n\t\t\t\t\t\t<\/div>\n\t\t\t\t<\/div>\n\t\t\t\t\t<\/div>\n\t\t<\/div>\n\t\t\t\t\t<\/div>\n\t\t<\/section>\n\t\t\t\t<\/div>\n\t\t","protected":false},"excerpt":{"rendered":"<p>PriceTravel es a\u00fan mejor en la aplicaci\u00f3n Descarga nuestra app y obt\u00e9n mejores tarifas. Reg\u00edstrate ahora y disfruta de beneficios exclusivos. \u00a1Desc\u00e1rgala ya! Escanea el c\u00f3digo QR y descarga nuestra aplicaci\u00f3n \u00a1Est\u00e1s a solo un paso! Escanea el c\u00f3digo ahora, descarga la app y comienza a ahorrar con beneficios \u00fanicos y miles de descuentos exclusivos. [&hellip;]<\/p>\n","protected":false},"author":4,"featured_media":25097,"parent":0,"menu_order":0,"comment_status":"closed","ping_status":"closed","template":"elementor_header_footer","meta":{"footnotes":""},"class_list":["post-24999","page","type-page","status-publish","has-post-thumbnail","hentry"],"acf":[],"yoast_head":"<!-- This site is optimized with the Yoast SEO plugin v26.3 - https:\/\/yoast.com\/wordpress\/plugins\/seo\/ -->\n<title>App - PriceTravel<\/title>\n<meta name=\"description\" content=\"Descarga nuestra app y obt\u00e9n las mejores tarifas. Reg\u00edstrate ahora y disfruta de beneficios exclusivos. \u00a1Desc\u00e1rgala ya!\" \/>\n<meta name=\"robots\" content=\"index, follow, max-snippet:-1, max-image-preview:large, max-video-preview:-1\" \/>\n<link rel=\"canonical\" href=\"https:\/\/www.pricetravel.com\/es\/ofertas-de-viajes\/app-pricetravel\" \/>\n<meta property=\"og:locale\" content=\"en_US\" \/>\n<meta property=\"og:type\" content=\"article\" \/>\n<meta property=\"og:title\" content=\"App - PriceTravel\" \/>\n<meta property=\"og:description\" content=\"Descarga nuestra app y obt\u00e9n las mejores tarifas. Reg\u00edstrate ahora y disfruta de beneficios exclusivos. \u00a1Desc\u00e1rgala ya!\" \/>\n<meta property=\"og:url\" content=\"https:\/\/www.pricetravel.com\/es\/ofertas-de-viajes\/app-pricetravel\" \/>\n<meta property=\"og:site_name\" content=\"PriceTravel\" \/>\n<meta property=\"article:publisher\" content=\"https:\/\/www.facebook.com\/PriceTravel\" \/>\n<meta property=\"article:modified_time\" content=\"2024-10-14T11:58:39+00:00\" \/>\n<meta property=\"og:image\" content=\"https:\/\/www.pricetravel.com\/es\/ofertas-de-viajes\/wp-content\/uploads\/2023\/11\/pricetravel_logo_rgb_normal_.jpg\" \/>\n\t<meta property=\"og:image:width\" content=\"2397\" \/>\n\t<meta property=\"og:image:height\" content=\"600\" \/>\n\t<meta property=\"og:image:type\" content=\"image\/jpeg\" \/>\n<meta name=\"twitter:card\" content=\"summary_large_image\" \/>\n<meta name=\"twitter:site\" content=\"@PriceTravel\" \/>\n<meta name=\"twitter:label1\" content=\"Est. reading time\" \/>\n\t<meta name=\"twitter:data1\" content=\"2 minutes\" \/>\n<script type=\"application\/ld+json\" class=\"yoast-schema-graph\">{\"@context\":\"https:\/\/schema.org\",\"@graph\":[{\"@type\":\"WebPage\",\"@id\":\"https:\/\/www.pricetravel.com\/es\/ofertas-de-viajes\/app-pricetravel\",\"url\":\"https:\/\/www.pricetravel.com\/es\/ofertas-de-viajes\/app-pricetravel\",\"name\":\"App - PriceTravel\",\"isPartOf\":{\"@id\":\"https:\/\/www.pricetravel.com\/es\/ofertas-de-viajes\/#website\"},\"primaryImageOfPage\":{\"@id\":\"https:\/\/www.pricetravel.com\/es\/ofertas-de-viajes\/app-pricetravel#primaryimage\"},\"image\":{\"@id\":\"https:\/\/www.pricetravel.com\/es\/ofertas-de-viajes\/app-pricetravel#primaryimage\"},\"thumbnailUrl\":\"https:\/\/www.pricetravel.com\/es\/ofertas-de-viajes\/wp-content\/uploads\/2023\/11\/pricetravel_logo_rgb_normal_.jpg\",\"datePublished\":\"2023-11-07T14:00:26+00:00\",\"dateModified\":\"2024-10-14T11:58:39+00:00\",\"description\":\"Descarga nuestra app y obt\u00e9n las mejores tarifas. Reg\u00edstrate ahora y disfruta de beneficios exclusivos. \u00a1Desc\u00e1rgala ya!\",\"breadcrumb\":{\"@id\":\"https:\/\/www.pricetravel.com\/es\/ofertas-de-viajes\/app-pricetravel#breadcrumb\"},\"inLanguage\":\"en-US\",\"potentialAction\":[{\"@type\":\"ReadAction\",\"target\":[\"https:\/\/www.pricetravel.com\/es\/ofertas-de-viajes\/app-pricetravel\"]}]},{\"@type\":\"ImageObject\",\"inLanguage\":\"en-US\",\"@id\":\"https:\/\/www.pricetravel.com\/es\/ofertas-de-viajes\/app-pricetravel#primaryimage\",\"url\":\"https:\/\/www.pricetravel.com\/es\/ofertas-de-viajes\/wp-content\/uploads\/2023\/11\/pricetravel_logo_rgb_normal_.jpg\",\"contentUrl\":\"https:\/\/www.pricetravel.com\/es\/ofertas-de-viajes\/wp-content\/uploads\/2023\/11\/pricetravel_logo_rgb_normal_.jpg\",\"width\":2397,\"height\":600},{\"@type\":\"BreadcrumbList\",\"@id\":\"https:\/\/www.pricetravel.com\/es\/ofertas-de-viajes\/app-pricetravel#breadcrumb\",\"itemListElement\":[{\"@type\":\"ListItem\",\"position\":1,\"name\":\"Home\",\"item\":\"https:\/\/www.pricetravel.com\/es\/ofertas-de-viajes\"},{\"@type\":\"ListItem\",\"position\":2,\"name\":\"App\"}]},{\"@type\":\"WebSite\",\"@id\":\"https:\/\/www.pricetravel.com\/es\/ofertas-de-viajes\/#website\",\"url\":\"https:\/\/www.pricetravel.com\/es\/ofertas-de-viajes\/\",\"name\":\"PriceTravel\",\"description\":\"M\u00e9xico, por ti viajar\u00e9\",\"publisher\":{\"@id\":\"https:\/\/www.pricetravel.com\/es\/ofertas-de-viajes\/#organization\"},\"potentialAction\":[{\"@type\":\"SearchAction\",\"target\":{\"@type\":\"EntryPoint\",\"urlTemplate\":\"https:\/\/www.pricetravel.com\/es\/ofertas-de-viajes\/?s={search_term_string}\"},\"query-input\":{\"@type\":\"PropertyValueSpecification\",\"valueRequired\":true,\"valueName\":\"search_term_string\"}}],\"inLanguage\":\"en-US\"},{\"@type\":\"Organization\",\"@id\":\"https:\/\/www.pricetravel.com\/es\/ofertas-de-viajes\/#organization\",\"name\":\"PriceTravel.com\",\"url\":\"https:\/\/www.pricetravel.com\/es\/ofertas-de-viajes\/\",\"logo\":{\"@type\":\"ImageObject\",\"inLanguage\":\"en-US\",\"@id\":\"https:\/\/www.pricetravel.com\/es\/ofertas-de-viajes\/#\/schema\/logo\/image\/\",\"url\":\"https:\/\/www.pricetravel.com\/es\/ofertas-de-viajes\/wp-content\/uploads\/2022\/08\/pricetravel.png\",\"contentUrl\":\"https:\/\/www.pricetravel.com\/es\/ofertas-de-viajes\/wp-content\/uploads\/2022\/08\/pricetravel.png\",\"width\":422,\"height\":56,\"caption\":\"PriceTravel.com\"},\"image\":{\"@id\":\"https:\/\/www.pricetravel.com\/es\/ofertas-de-viajes\/#\/schema\/logo\/image\/\"},\"sameAs\":[\"https:\/\/www.facebook.com\/PriceTravel\",\"https:\/\/x.com\/PriceTravel\",\"https:\/\/www.instagram.com\/pricetravel\/\"]}]}<\/script>\n<!-- \/ Yoast SEO plugin. -->","yoast_head_json":{"title":"App - PriceTravel","description":"Descarga nuestra app y obt\u00e9n las mejores tarifas. Reg\u00edstrate ahora y disfruta de beneficios exclusivos. \u00a1Desc\u00e1rgala ya!","robots":{"index":"index","follow":"follow","max-snippet":"max-snippet:-1","max-image-preview":"max-image-preview:large","max-video-preview":"max-video-preview:-1"},"canonical":"https:\/\/www.pricetravel.com\/es\/ofertas-de-viajes\/app-pricetravel","og_locale":"en_US","og_type":"article","og_title":"App - PriceTravel","og_description":"Descarga nuestra app y obt\u00e9n las mejores tarifas. Reg\u00edstrate ahora y disfruta de beneficios exclusivos. \u00a1Desc\u00e1rgala ya!","og_url":"https:\/\/www.pricetravel.com\/es\/ofertas-de-viajes\/app-pricetravel","og_site_name":"PriceTravel","article_publisher":"https:\/\/www.facebook.com\/PriceTravel","article_modified_time":"2024-10-14T11:58:39+00:00","og_image":[{"width":2397,"height":600,"url":"https:\/\/www.pricetravel.com\/es\/ofertas-de-viajes\/wp-content\/uploads\/2023\/11\/pricetravel_logo_rgb_normal_.jpg","type":"image\/jpeg"}],"twitter_card":"summary_large_image","twitter_site":"@PriceTravel","twitter_misc":{"Est. reading time":"2 minutes"},"schema":{"@context":"https:\/\/schema.org","@graph":[{"@type":"WebPage","@id":"https:\/\/www.pricetravel.com\/es\/ofertas-de-viajes\/app-pricetravel","url":"https:\/\/www.pricetravel.com\/es\/ofertas-de-viajes\/app-pricetravel","name":"App - PriceTravel","isPartOf":{"@id":"https:\/\/www.pricetravel.com\/es\/ofertas-de-viajes\/#website"},"primaryImageOfPage":{"@id":"https:\/\/www.pricetravel.com\/es\/ofertas-de-viajes\/app-pricetravel#primaryimage"},"image":{"@id":"https:\/\/www.pricetravel.com\/es\/ofertas-de-viajes\/app-pricetravel#primaryimage"},"thumbnailUrl":"https:\/\/www.pricetravel.com\/es\/ofertas-de-viajes\/wp-content\/uploads\/2023\/11\/pricetravel_logo_rgb_normal_.jpg","datePublished":"2023-11-07T14:00:26+00:00","dateModified":"2024-10-14T11:58:39+00:00","description":"Descarga nuestra app y obt\u00e9n las mejores tarifas. Reg\u00edstrate ahora y disfruta de beneficios exclusivos. \u00a1Desc\u00e1rgala ya!","breadcrumb":{"@id":"https:\/\/www.pricetravel.com\/es\/ofertas-de-viajes\/app-pricetravel#breadcrumb"},"inLanguage":"en-US","potentialAction":[{"@type":"ReadAction","target":["https:\/\/www.pricetravel.com\/es\/ofertas-de-viajes\/app-pricetravel"]}]},{"@type":"ImageObject","inLanguage":"en-US","@id":"https:\/\/www.pricetravel.com\/es\/ofertas-de-viajes\/app-pricetravel#primaryimage","url":"https:\/\/www.pricetravel.com\/es\/ofertas-de-viajes\/wp-content\/uploads\/2023\/11\/pricetravel_logo_rgb_normal_.jpg","contentUrl":"https:\/\/www.pricetravel.com\/es\/ofertas-de-viajes\/wp-content\/uploads\/2023\/11\/pricetravel_logo_rgb_normal_.jpg","width":2397,"height":600},{"@type":"BreadcrumbList","@id":"https:\/\/www.pricetravel.com\/es\/ofertas-de-viajes\/app-pricetravel#breadcrumb","itemListElement":[{"@type":"ListItem","position":1,"name":"Home","item":"https:\/\/www.pricetravel.com\/es\/ofertas-de-viajes"},{"@type":"ListItem","position":2,"name":"App"}]},{"@type":"WebSite","@id":"https:\/\/www.pricetravel.com\/es\/ofertas-de-viajes\/#website","url":"https:\/\/www.pricetravel.com\/es\/ofertas-de-viajes\/","name":"PriceTravel","description":"M\u00e9xico, por ti viajar\u00e9","publisher":{"@id":"https:\/\/www.pricetravel.com\/es\/ofertas-de-viajes\/#organization"},"potentialAction":[{"@type":"SearchAction","target":{"@type":"EntryPoint","urlTemplate":"https:\/\/www.pricetravel.com\/es\/ofertas-de-viajes\/?s={search_term_string}"},"query-input":{"@type":"PropertyValueSpecification","valueRequired":true,"valueName":"search_term_string"}}],"inLanguage":"en-US"},{"@type":"Organization","@id":"https:\/\/www.pricetravel.com\/es\/ofertas-de-viajes\/#organization","name":"PriceTravel.com","url":"https:\/\/www.pricetravel.com\/es\/ofertas-de-viajes\/","logo":{"@type":"ImageObject","inLanguage":"en-US","@id":"https:\/\/www.pricetravel.com\/es\/ofertas-de-viajes\/#\/schema\/logo\/image\/","url":"https:\/\/www.pricetravel.com\/es\/ofertas-de-viajes\/wp-content\/uploads\/2022\/08\/pricetravel.png","contentUrl":"https:\/\/www.pricetravel.com\/es\/ofertas-de-viajes\/wp-content\/uploads\/2022\/08\/pricetravel.png","width":422,"height":56,"caption":"PriceTravel.com"},"image":{"@id":"https:\/\/www.pricetravel.com\/es\/ofertas-de-viajes\/#\/schema\/logo\/image\/"},"sameAs":["https:\/\/www.facebook.com\/PriceTravel","https:\/\/x.com\/PriceTravel","https:\/\/www.instagram.com\/pricetravel\/"]}]}},"publishpress_future_action":{"enabled":false,"date":"2026-04-10 21:10:05","action":"change-status","newStatus":"draft","terms":[],"taxonomy":"","extraData":[]},"publishpress_future_workflow_manual_trigger":{"enabledWorkflows":[]},"_links":{"self":[{"href":"https:\/\/www.pricetravel.com\/es\/ofertas-de-viajes\/wp-json\/wp\/v2\/pages\/24999","targetHints":{"allow":["GET"]}}],"collection":[{"href":"https:\/\/www.pricetravel.com\/es\/ofertas-de-viajes\/wp-json\/wp\/v2\/pages"}],"about":[{"href":"https:\/\/www.pricetravel.com\/es\/ofertas-de-viajes\/wp-json\/wp\/v2\/types\/page"}],"author":[{"embeddable":true,"href":"https:\/\/www.pricetravel.com\/es\/ofertas-de-viajes\/wp-json\/wp\/v2\/users\/4"}],"replies":[{"embeddable":true,"href":"https:\/\/www.pricetravel.com\/es\/ofertas-de-viajes\/wp-json\/wp\/v2\/comments?post=24999"}],"version-history":[{"count":112,"href":"https:\/\/www.pricetravel.com\/es\/ofertas-de-viajes\/wp-json\/wp\/v2\/pages\/24999\/revisions"}],"predecessor-version":[{"id":54730,"href":"https:\/\/www.pricetravel.com\/es\/ofertas-de-viajes\/wp-json\/wp\/v2\/pages\/24999\/revisions\/54730"}],"wp:featuredmedia":[{"embeddable":true,"href":"https:\/\/www.pricetravel.com\/es\/ofertas-de-viajes\/wp-json\/wp\/v2\/media\/25097"}],"wp:attachment":[{"href":"https:\/\/www.pricetravel.com\/es\/ofertas-de-viajes\/wp-json\/wp\/v2\/media?parent=24999"}],"curies":[{"name":"wp","href":"https:\/\/api.w.org\/{rel}","templated":true}]}}