{"id":18255,"date":"2023-08-30T13:56:57","date_gmt":"2023-08-30T18:56:57","guid":{"rendered":"https:\/\/www.pricetravel.com\/es\/ofertas-de-viajes\/universal-orlando-resort-park-to-park-3"},"modified":"2023-09-18T20:29:38","modified_gmt":"2023-09-19T01:29:38","slug":"universal-orlando-resort-park-to-park-3","status":"publish","type":"page","link":"https:\/\/www.pricetravel.com\/es\/ofertas-de-viajes\/universal-orlando-resort-park-to-park-3","title":{"rendered":"Universal Orlando Resort Park-to-Park"},"content":{"rendered":"\t\t<div data-elementor-type=\"wp-page\" data-elementor-id=\"18255\" class=\"elementor elementor-18255\" data-elementor-post-type=\"page\">\n\t\t\t\t\t\t<section class=\"elementor-section elementor-top-section elementor-element elementor-element-45e7b5ee elementor-section-boxed elementor-section-height-default elementor-section-height-default\" data-id=\"45e7b5ee\" data-element_type=\"section\" data-settings=\"{&quot;background_background&quot;:&quot;classic&quot;}\">\n\t\t\t\t\t\t<div class=\"elementor-container elementor-column-gap-default\">\n\t\t\t\t\t<div class=\"elementor-column elementor-col-100 elementor-top-column elementor-element elementor-element-46cd43db\" data-id=\"46cd43db\" data-element_type=\"column\">\n\t\t\t<div class=\"elementor-widget-wrap elementor-element-populated\">\n\t\t\t\t\t\t<div class=\"elementor-element elementor-element-34c32d94 elementor-widget elementor-widget-elementskit-heading\" data-id=\"34c32d94\" data-element_type=\"widget\" data-widget_type=\"elementskit-heading.default\">\n\t\t\t\t<div class=\"elementor-widget-container\">\n\t\t\t\t\t<div class=\"ekit-wid-con\" ><div class=\"ekit-heading elementskit-section-title-wraper center   ekit_heading_tablet-   ekit_heading_mobile-\"><h2 class=\"ekit-heading--title elementskit-section-title \">Universal Orlando Resort Park-to-Park<\/h2><div class=\"ekit_heading_separetor_wraper ekit_heading_elementskit-border-divider ekit-dotted\"><div class=\"elementskit-border-divider ekit-dotted\"><\/div><\/div><\/div><\/div>\t\t\t\t<\/div>\n\t\t\t\t<\/div>\n\t\t\t\t<section class=\"elementor-section elementor-inner-section elementor-element elementor-element-36cccf57 elementor-section-boxed elementor-section-height-default elementor-section-height-default\" data-id=\"36cccf57\" data-element_type=\"section\">\n\t\t\t\t\t\t<div class=\"elementor-container elementor-column-gap-default\">\n\t\t\t\t\t<div class=\"elementor-column elementor-col-50 elementor-inner-column elementor-element elementor-element-178e560c\" data-id=\"178e560c\" data-element_type=\"column\">\n\t\t\t<div class=\"elementor-widget-wrap elementor-element-populated\">\n\t\t\t\t\t\t<div class=\"elementor-element elementor-element-1025d12 ekit-equal-height-disable elementor-widget elementor-widget-elementskit-image-box\" data-id=\"1025d12\" data-element_type=\"widget\" data-widget_type=\"elementskit-image-box.default\">\n\t\t\t\t<div class=\"elementor-widget-container\">\n\t\t\t\t\t<div class=\"ekit-wid-con\" >\n            <div class=\"elementskit-info-image-box ekit-image-box text-left hover_from_center hover-border-bottom\" >\n\n                \n                <div class=\"elementskit-box-header image-box-img-left\">\n\n                    \n                <\/div>\n                \n                <div class=\"elementskit-box-body ekit-image-box-body\">\n                    <div class=\"elementskit-box-content ekit-image-box-body-inner\">\n                                                <h3 class=\"elementskit-info-box-title\">\n\n                        Universal Orlando Resort - Park-to-Park con fecha para 2 parques\n                        \n                    <\/h3>\n                                                            <div class=\"elementskit-box-style-content\">\n                        Acceso a los dos Parques Tem\u00e1ticos durante el mismo d\u00eda (Universal Studios Florida; Universal Islands of Adventure). Incluye acceso a Hogwarts\u2122 Express.                    <\/div>\n                                    <\/div>\n\n                                <div class=\"elementskit-box-footer\">\n                    <div class=\"box-footer\">\n                        <div class=\"btn-wraper\">\n                                                            <a href=\"https:\/\/experiencias.pricetravel.com\/tours\/123-universal-orlando-resort-park-to-park-con-fecha-para-2-parques-universal-orlando-resort-MCO\" class=\"elementskit-btn whitespace--normal\">\n                                    \n                                    \n                                    Reserva ahora                                <\/a>\n                                                        <\/div>\n                    <\/div>\n                <\/div>\n                            <\/div>\n            <\/div>\n    <\/div>\t\t\t\t<\/div>\n\t\t\t\t<\/div>\n\t\t\t\t\t<\/div>\n\t\t<\/div>\n\t\t\t\t<div class=\"elementor-column elementor-col-50 elementor-inner-column elementor-element elementor-element-7e9bdc9b\" data-id=\"7e9bdc9b\" data-element_type=\"column\">\n\t\t\t<div class=\"elementor-widget-wrap elementor-element-populated\">\n\t\t\t\t\t\t<div class=\"elementor-element elementor-element-a4fb6cd elementor-widget__width-initial ekit-equal-height-disable elementor-widget elementor-widget-elementskit-image-box\" data-id=\"a4fb6cd\" data-element_type=\"widget\" data-widget_type=\"elementskit-image-box.default\">\n\t\t\t\t<div class=\"elementor-widget-container\">\n\t\t\t\t\t<div class=\"ekit-wid-con\" >\n            <div class=\"elementskit-info-image-box ekit-image-box text-left hover_from_center hover-border-bottom\" >\n\n                \n                <div class=\"elementskit-box-header image-box-img-left\">\n\n                    \n                <\/div>\n                \n                <div class=\"elementskit-box-body ekit-image-box-body\">\n                    <div class=\"elementskit-box-content ekit-image-box-body-inner\">\n                                                <h3 class=\"elementskit-info-box-title\">\n\n                        Universal Orlando Resort - Park-to-Park con fecha para 3 parques\n                        \n                    <\/h3>\n                                                            <div class=\"elementskit-box-style-content\">\n                        Acceso a los tres Parques Tem\u00e1ticos durante el mismo d\u00eda (Universal Studios Florida; Universal Islands of Adventure; Universal Volcano Bay). Incluye acceso a Hogwarts\u2122 Express.                    <\/div>\n                                    <\/div>\n\n                                <div class=\"elementskit-box-footer\">\n                    <div class=\"box-footer\">\n                        <div class=\"btn-wraper\">\n                                                            <a href=\"https:\/\/experiencias.pricetravel.com\/tours\/123-universal-orlando-resort-park-to-park-con-fecha-para-3-parques-universal-orlando-resort-MCO\" class=\"elementskit-btn whitespace--normal\">\n                                    \n                                    \n                                    Reserva ahora                                <\/a>\n                                                        <\/div>\n                    <\/div>\n                <\/div>\n                            <\/div>\n            <\/div>\n    <\/div>\t\t\t\t<\/div>\n\t\t\t\t<\/div>\n\t\t\t\t\t<\/div>\n\t\t<\/div>\n\t\t\t\t\t<\/div>\n\t\t<\/section>\n\t\t\t\t\t<\/div>\n\t\t<\/div>\n\t\t\t\t\t<\/div>\n\t\t<\/section>\n\t\t\t\t<section class=\"elementor-section elementor-top-section elementor-element elementor-element-4dafa24 elementor-section-boxed elementor-section-height-default elementor-section-height-default\" data-id=\"4dafa24\" data-element_type=\"section\">\n\t\t\t\t\t\t<div class=\"elementor-container elementor-column-gap-default\">\n\t\t\t\t\t<div class=\"elementor-column elementor-col-100 elementor-top-column elementor-element elementor-element-661c592\" data-id=\"661c592\" data-element_type=\"column\">\n\t\t\t<div class=\"elementor-widget-wrap elementor-element-populated\">\n\t\t\t\t\t\t<div class=\"elementor-element elementor-element-7af7ae3 elementor-widget elementor-widget-spacer\" data-id=\"7af7ae3\" data-element_type=\"widget\" data-widget_type=\"spacer.default\">\n\t\t\t\t<div class=\"elementor-widget-container\">\n\t\t\t\t\t\t\t<div class=\"elementor-spacer\">\n\t\t\t<div class=\"elementor-spacer-inner\"><\/div>\n\t\t<\/div>\n\t\t\t\t\t\t<\/div>\n\t\t\t\t<\/div>\n\t\t\t\t<div class=\"elementor-element elementor-element-5f8129c elementor-widget elementor-widget-text-editor\" data-id=\"5f8129c\" data-element_type=\"widget\" data-widget_type=\"text-editor.default\">\n\t\t\t\t<div class=\"elementor-widget-container\">\n\t\t\t\t\t\t\t\t\t<h2 style=\"text-align: center;\"><strong>Universal Parks &amp; Resorts<\/strong><\/h2><p class=\"campaign-description\" style=\"text-align: center;\">Aprovecha los descuentos especiales en\u00a0<b>Pases<\/b>\u00a0a los mejores parques y paga a\u00a0<b>meses sin intereses<\/b>\u00a0con tarjetas participantes.<br \/><b>\u00bfQu\u00e9 esperas?<\/b> Estos descuentos no durar\u00e1n mucho tiempo. Tu pr\u00f3ximo viaje est\u00e1 a unos clics. \u00a1Reserva ahora! Universal elements and all related indicia TM &amp; \u00a9 2023 Universal Studios. All rights reserved.<\/p>\t\t\t\t\t\t\t\t<\/div>\n\t\t\t\t<\/div>\n\t\t\t\t\t<\/div>\n\t\t<\/div>\n\t\t\t\t\t<\/div>\n\t\t<\/section>\n\t\t\t\t<\/div>\n\t\t","protected":false},"excerpt":{"rendered":"<p>Universal Orlando Resort Park-to-Park Universal Orlando Resort &#8211; Park-to-Park con fecha para 2 parques Acceso a los dos Parques Tem\u00e1ticos durante el mismo d\u00eda (Universal Studios Florida; Universal Islands of Adventure). Incluye acceso a Hogwarts\u2122 Express. Reserva ahora Universal Orlando Resort &#8211; Park-to-Park con fecha para 3 parques Acceso a los tres Parques Tem\u00e1ticos durante [&hellip;]<\/p>\n","protected":false},"author":5,"featured_media":0,"parent":0,"menu_order":0,"comment_status":"closed","ping_status":"closed","template":"","meta":{"footnotes":""},"class_list":["post-18255","page","type-page","status-publish","hentry"],"acf":[],"yoast_head":"<!-- This site is optimized with the Yoast SEO plugin v26.3 - https:\/\/yoast.com\/wordpress\/plugins\/seo\/ -->\n<title>Universal Orlando Resort Park-to-Park - PriceTravel<\/title>\n<meta name=\"robots\" content=\"index, follow, max-snippet:-1, max-image-preview:large, max-video-preview:-1\" \/>\n<link rel=\"canonical\" href=\"https:\/\/www.pricetravel.com\/es\/ofertas-de-viajes\/universal-orlando-resort-park-to-park-3\" \/>\n<meta property=\"og:locale\" content=\"en_US\" \/>\n<meta property=\"og:type\" content=\"article\" \/>\n<meta property=\"og:title\" content=\"Universal Orlando Resort Park-to-Park - PriceTravel\" \/>\n<meta property=\"og:description\" content=\"Universal Orlando Resort Park-to-Park Universal Orlando Resort &#8211; Park-to-Park con fecha para 2 parques Acceso a los dos Parques Tem\u00e1ticos durante el mismo d\u00eda (Universal Studios Florida; Universal Islands of Adventure). Incluye acceso a Hogwarts\u2122 Express. Reserva ahora Universal Orlando Resort &#8211; Park-to-Park con fecha para 3 parques Acceso a los tres Parques Tem\u00e1ticos durante [&hellip;]\" \/>\n<meta property=\"og:url\" content=\"https:\/\/www.pricetravel.com\/es\/ofertas-de-viajes\/universal-orlando-resort-park-to-park-3\" \/>\n<meta property=\"og:site_name\" content=\"PriceTravel\" \/>\n<meta property=\"article:publisher\" content=\"https:\/\/www.facebook.com\/PriceTravel\" \/>\n<meta property=\"article:modified_time\" content=\"2023-09-19T01:29:38+00:00\" \/>\n<meta name=\"twitter:card\" content=\"summary_large_image\" \/>\n<meta name=\"twitter:site\" content=\"@PriceTravel\" \/>\n<meta name=\"twitter:label1\" content=\"Est. reading time\" \/>\n\t<meta name=\"twitter:data1\" content=\"1 minute\" \/>\n<script type=\"application\/ld+json\" class=\"yoast-schema-graph\">{\"@context\":\"https:\/\/schema.org\",\"@graph\":[{\"@type\":\"WebPage\",\"@id\":\"https:\/\/www.pricetravel.com\/es\/ofertas-de-viajes\/universal-orlando-resort-park-to-park-3\",\"url\":\"https:\/\/www.pricetravel.com\/es\/ofertas-de-viajes\/universal-orlando-resort-park-to-park-3\",\"name\":\"Universal Orlando Resort Park-to-Park - PriceTravel\",\"isPartOf\":{\"@id\":\"https:\/\/www.pricetravel.com\/es\/ofertas-de-viajes\/#website\"},\"datePublished\":\"2023-08-30T18:56:57+00:00\",\"dateModified\":\"2023-09-19T01:29:38+00:00\",\"breadcrumb\":{\"@id\":\"https:\/\/www.pricetravel.com\/es\/ofertas-de-viajes\/universal-orlando-resort-park-to-park-3#breadcrumb\"},\"inLanguage\":\"en-US\",\"potentialAction\":[{\"@type\":\"ReadAction\",\"target\":[\"https:\/\/www.pricetravel.com\/es\/ofertas-de-viajes\/universal-orlando-resort-park-to-park-3\"]}]},{\"@type\":\"BreadcrumbList\",\"@id\":\"https:\/\/www.pricetravel.com\/es\/ofertas-de-viajes\/universal-orlando-resort-park-to-park-3#breadcrumb\",\"itemListElement\":[{\"@type\":\"ListItem\",\"position\":1,\"name\":\"Home\",\"item\":\"https:\/\/www.pricetravel.com\/es\/ofertas-de-viajes\"},{\"@type\":\"ListItem\",\"position\":2,\"name\":\"Universal Orlando Resort Park-to-Park\"}]},{\"@type\":\"WebSite\",\"@id\":\"https:\/\/www.pricetravel.com\/es\/ofertas-de-viajes\/#website\",\"url\":\"https:\/\/www.pricetravel.com\/es\/ofertas-de-viajes\/\",\"name\":\"PriceTravel\",\"description\":\"M\u00e9xico, por ti viajar\u00e9\",\"publisher\":{\"@id\":\"https:\/\/www.pricetravel.com\/es\/ofertas-de-viajes\/#organization\"},\"potentialAction\":[{\"@type\":\"SearchAction\",\"target\":{\"@type\":\"EntryPoint\",\"urlTemplate\":\"https:\/\/www.pricetravel.com\/es\/ofertas-de-viajes\/?s={search_term_string}\"},\"query-input\":{\"@type\":\"PropertyValueSpecification\",\"valueRequired\":true,\"valueName\":\"search_term_string\"}}],\"inLanguage\":\"en-US\"},{\"@type\":\"Organization\",\"@id\":\"https:\/\/www.pricetravel.com\/es\/ofertas-de-viajes\/#organization\",\"name\":\"PriceTravel.com\",\"url\":\"https:\/\/www.pricetravel.com\/es\/ofertas-de-viajes\/\",\"logo\":{\"@type\":\"ImageObject\",\"inLanguage\":\"en-US\",\"@id\":\"https:\/\/www.pricetravel.com\/es\/ofertas-de-viajes\/#\/schema\/logo\/image\/\",\"url\":\"https:\/\/www.pricetravel.com\/es\/ofertas-de-viajes\/wp-content\/uploads\/2022\/08\/pricetravel.png\",\"contentUrl\":\"https:\/\/www.pricetravel.com\/es\/ofertas-de-viajes\/wp-content\/uploads\/2022\/08\/pricetravel.png\",\"width\":422,\"height\":56,\"caption\":\"PriceTravel.com\"},\"image\":{\"@id\":\"https:\/\/www.pricetravel.com\/es\/ofertas-de-viajes\/#\/schema\/logo\/image\/\"},\"sameAs\":[\"https:\/\/www.facebook.com\/PriceTravel\",\"https:\/\/x.com\/PriceTravel\",\"https:\/\/www.instagram.com\/pricetravel\/\"]}]}<\/script>\n<!-- \/ Yoast SEO plugin. -->","yoast_head_json":{"title":"Universal Orlando Resort Park-to-Park - PriceTravel","robots":{"index":"index","follow":"follow","max-snippet":"max-snippet:-1","max-image-preview":"max-image-preview:large","max-video-preview":"max-video-preview:-1"},"canonical":"https:\/\/www.pricetravel.com\/es\/ofertas-de-viajes\/universal-orlando-resort-park-to-park-3","og_locale":"en_US","og_type":"article","og_title":"Universal Orlando Resort Park-to-Park - PriceTravel","og_description":"Universal Orlando Resort Park-to-Park Universal Orlando Resort &#8211; Park-to-Park con fecha para 2 parques Acceso a los dos Parques Tem\u00e1ticos durante el mismo d\u00eda (Universal Studios Florida; Universal Islands of Adventure). Incluye acceso a Hogwarts\u2122 Express. Reserva ahora Universal Orlando Resort &#8211; Park-to-Park con fecha para 3 parques Acceso a los tres Parques Tem\u00e1ticos durante [&hellip;]","og_url":"https:\/\/www.pricetravel.com\/es\/ofertas-de-viajes\/universal-orlando-resort-park-to-park-3","og_site_name":"PriceTravel","article_publisher":"https:\/\/www.facebook.com\/PriceTravel","article_modified_time":"2023-09-19T01:29:38+00:00","twitter_card":"summary_large_image","twitter_site":"@PriceTravel","twitter_misc":{"Est. reading time":"1 minute"},"schema":{"@context":"https:\/\/schema.org","@graph":[{"@type":"WebPage","@id":"https:\/\/www.pricetravel.com\/es\/ofertas-de-viajes\/universal-orlando-resort-park-to-park-3","url":"https:\/\/www.pricetravel.com\/es\/ofertas-de-viajes\/universal-orlando-resort-park-to-park-3","name":"Universal Orlando Resort Park-to-Park - PriceTravel","isPartOf":{"@id":"https:\/\/www.pricetravel.com\/es\/ofertas-de-viajes\/#website"},"datePublished":"2023-08-30T18:56:57+00:00","dateModified":"2023-09-19T01:29:38+00:00","breadcrumb":{"@id":"https:\/\/www.pricetravel.com\/es\/ofertas-de-viajes\/universal-orlando-resort-park-to-park-3#breadcrumb"},"inLanguage":"en-US","potentialAction":[{"@type":"ReadAction","target":["https:\/\/www.pricetravel.com\/es\/ofertas-de-viajes\/universal-orlando-resort-park-to-park-3"]}]},{"@type":"BreadcrumbList","@id":"https:\/\/www.pricetravel.com\/es\/ofertas-de-viajes\/universal-orlando-resort-park-to-park-3#breadcrumb","itemListElement":[{"@type":"ListItem","position":1,"name":"Home","item":"https:\/\/www.pricetravel.com\/es\/ofertas-de-viajes"},{"@type":"ListItem","position":2,"name":"Universal Orlando Resort Park-to-Park"}]},{"@type":"WebSite","@id":"https:\/\/www.pricetravel.com\/es\/ofertas-de-viajes\/#website","url":"https:\/\/www.pricetravel.com\/es\/ofertas-de-viajes\/","name":"PriceTravel","description":"M\u00e9xico, por ti viajar\u00e9","publisher":{"@id":"https:\/\/www.pricetravel.com\/es\/ofertas-de-viajes\/#organization"},"potentialAction":[{"@type":"SearchAction","target":{"@type":"EntryPoint","urlTemplate":"https:\/\/www.pricetravel.com\/es\/ofertas-de-viajes\/?s={search_term_string}"},"query-input":{"@type":"PropertyValueSpecification","valueRequired":true,"valueName":"search_term_string"}}],"inLanguage":"en-US"},{"@type":"Organization","@id":"https:\/\/www.pricetravel.com\/es\/ofertas-de-viajes\/#organization","name":"PriceTravel.com","url":"https:\/\/www.pricetravel.com\/es\/ofertas-de-viajes\/","logo":{"@type":"ImageObject","inLanguage":"en-US","@id":"https:\/\/www.pricetravel.com\/es\/ofertas-de-viajes\/#\/schema\/logo\/image\/","url":"https:\/\/www.pricetravel.com\/es\/ofertas-de-viajes\/wp-content\/uploads\/2022\/08\/pricetravel.png","contentUrl":"https:\/\/www.pricetravel.com\/es\/ofertas-de-viajes\/wp-content\/uploads\/2022\/08\/pricetravel.png","width":422,"height":56,"caption":"PriceTravel.com"},"image":{"@id":"https:\/\/www.pricetravel.com\/es\/ofertas-de-viajes\/#\/schema\/logo\/image\/"},"sameAs":["https:\/\/www.facebook.com\/PriceTravel","https:\/\/x.com\/PriceTravel","https:\/\/www.instagram.com\/pricetravel\/"]}]}},"publishpress_future_action":{"enabled":false,"date":"2026-04-12 02:57:35","action":"change-status","newStatus":"draft","terms":[],"taxonomy":"","extraData":[]},"publishpress_future_workflow_manual_trigger":{"enabledWorkflows":[]},"_links":{"self":[{"href":"https:\/\/www.pricetravel.com\/es\/ofertas-de-viajes\/wp-json\/wp\/v2\/pages\/18255","targetHints":{"allow":["GET"]}}],"collection":[{"href":"https:\/\/www.pricetravel.com\/es\/ofertas-de-viajes\/wp-json\/wp\/v2\/pages"}],"about":[{"href":"https:\/\/www.pricetravel.com\/es\/ofertas-de-viajes\/wp-json\/wp\/v2\/types\/page"}],"author":[{"embeddable":true,"href":"https:\/\/www.pricetravel.com\/es\/ofertas-de-viajes\/wp-json\/wp\/v2\/users\/5"}],"replies":[{"embeddable":true,"href":"https:\/\/www.pricetravel.com\/es\/ofertas-de-viajes\/wp-json\/wp\/v2\/comments?post=18255"}],"version-history":[{"count":27,"href":"https:\/\/www.pricetravel.com\/es\/ofertas-de-viajes\/wp-json\/wp\/v2\/pages\/18255\/revisions"}],"predecessor-version":[{"id":19854,"href":"https:\/\/www.pricetravel.com\/es\/ofertas-de-viajes\/wp-json\/wp\/v2\/pages\/18255\/revisions\/19854"}],"wp:attachment":[{"href":"https:\/\/www.pricetravel.com\/es\/ofertas-de-viajes\/wp-json\/wp\/v2\/media?parent=18255"}],"curies":[{"name":"wp","href":"https:\/\/api.w.org\/{rel}","templated":true}]}}